{"id":21,"date":"2021-08-16T21:43:51","date_gmt":"2021-08-16T19:43:51","guid":{"rendered":"http:\/\/rewrcpu.cluster031.hosting.ovh.net\/?page_id=21"},"modified":"2025-08-18T12:07:08","modified_gmt":"2025-08-18T10:07:08","slug":"infos-utiles","status":"publish","type":"page","link":"https:\/\/www.boxe-teamsbfy.fr\/index.php\/infos-utiles\/","title":{"rendered":"Infos utiles"},"content":{"rendered":"\t\t<div data-elementor-type=\"wp-page\" data-elementor-id=\"21\" class=\"elementor elementor-21\">\n\t\t\t\t\t\t<section class=\"elementor-section elementor-top-section elementor-element elementor-element-5854f0a elementor-section-boxed elementor-section-height-default elementor-section-height-default\" data-id=\"5854f0a\" data-element_type=\"section\">\n\t\t\t\t\t\t<div class=\"elementor-container elementor-column-gap-default\">\n\t\t\t\t\t<div class=\"elementor-column elementor-col-100 elementor-top-column elementor-element elementor-element-dba1ffb\" data-id=\"dba1ffb\" data-element_type=\"column\">\n\t\t\t<div class=\"elementor-widget-wrap elementor-element-populated\">\n\t\t\t\t\t\t<div class=\"elementor-element elementor-element-93f9462 elementor-widget elementor-widget-ekit-nav-menu\" data-id=\"93f9462\" data-element_type=\"widget\" data-widget_type=\"ekit-nav-menu.default\">\n\t\t\t\t<div class=\"elementor-widget-container\">\n\t\t\t\t\t\t\t<nav class=\"ekit-wid-con ekit_menu_responsive_tablet\" \n\t\t\tdata-hamburger-icon=\"\" \n\t\t\tdata-hamburger-icon-type=\"icon\" \n\t\t\tdata-responsive-breakpoint=\"1024\">\n\t\t\t            <button class=\"elementskit-menu-hamburger elementskit-menu-toggler\"  type=\"button\" aria-label=\"hamburger-icon\">\n                                    <span class=\"elementskit-menu-hamburger-icon\"><\/span><span class=\"elementskit-menu-hamburger-icon\"><\/span><span class=\"elementskit-menu-hamburger-icon\"><\/span>\n                            <\/button>\n            <div id=\"ekit-megamenu-menu-second-infos-utiles\" class=\"elementskit-menu-container elementskit-menu-offcanvas-elements elementskit-navbar-nav-default ekit-nav-menu-one-page-no ekit-nav-dropdown-hover\"><ul id=\"menu-menu-second-infos-utiles\" class=\"elementskit-navbar-nav elementskit-menu-po-left submenu-click-on-icon\"><li id=\"menu-item-176\" class=\"menu-item menu-item-type-custom menu-item-object-custom menu-item-176 nav-item elementskit-mobile-builder-content\" data-vertical-menu=750px><a href=\"#horaires\" class=\"ekit-menu-nav-link\">Horaires<\/a><\/li>\n<li id=\"menu-item-177\" class=\"menu-item menu-item-type-custom menu-item-object-custom menu-item-177 nav-item elementskit-mobile-builder-content\" data-vertical-menu=750px><a href=\"#tarifs\" class=\"ekit-menu-nav-link\">Tarifs<\/a><\/li>\n<li id=\"menu-item-178\" class=\"menu-item menu-item-type-custom menu-item-object-custom menu-item-178 nav-item elementskit-mobile-builder-content\" data-vertical-menu=750px><a href=\"#acces\" class=\"ekit-menu-nav-link\">Acc\u00e8s et contact<\/a><\/li>\n<\/ul><div class=\"elementskit-nav-identity-panel\"><button class=\"elementskit-menu-close elementskit-menu-toggler\" type=\"button\">X<\/button><\/div><\/div>\t\t\t\n\t\t\t<div class=\"elementskit-menu-overlay elementskit-menu-offcanvas-elements elementskit-menu-toggler ekit-nav-menu--overlay\"><\/div>        <\/nav>\n\t\t\t\t\t\t<\/div>\n\t\t\t\t<\/div>\n\t\t\t\t\t<\/div>\n\t\t<\/div>\n\t\t\t\t\t<\/div>\n\t\t<\/section>\n\t\t\t\t<section class=\"elementor-section elementor-top-section elementor-element elementor-element-fad157a elementor-section-boxed elementor-section-height-default elementor-section-height-default\" data-id=\"fad157a\" data-element_type=\"section\">\n\t\t\t\t\t\t<div class=\"elementor-container elementor-column-gap-default\">\n\t\t\t\t\t<div class=\"elementor-column elementor-col-100 elementor-top-column elementor-element elementor-element-92c12da\" data-id=\"92c12da\" data-element_type=\"column\">\n\t\t\t<div class=\"elementor-widget-wrap elementor-element-populated\">\n\t\t\t\t\t\t<div class=\"elementor-element elementor-element-f8f77f2 elementor-widget elementor-widget-menu-anchor\" data-id=\"f8f77f2\" data-element_type=\"widget\" data-widget_type=\"menu-anchor.default\">\n\t\t\t\t<div class=\"elementor-widget-container\">\n\t\t\t\t\t\t\t<div class=\"elementor-menu-anchor\" id=\"horaires\"><\/div>\n\t\t\t\t\t\t<\/div>\n\t\t\t\t<\/div>\n\t\t\t\t<div class=\"elementor-element elementor-element-ad5aaf3 elementor-widget elementor-widget-heading\" data-id=\"ad5aaf3\" data-element_type=\"widget\" data-widget_type=\"heading.default\">\n\t\t\t\t<div class=\"elementor-widget-container\">\n\t\t\t\t\t<h2 class=\"elementor-heading-title elementor-size-default\">Horaires<\/h2>\t\t\t\t<\/div>\n\t\t\t\t<\/div>\n\t\t\t\t\t<\/div>\n\t\t<\/div>\n\t\t\t\t\t<\/div>\n\t\t<\/section>\n\t\t\t\t<section class=\"elementor-section elementor-top-section elementor-element elementor-element-0bb202c elementor-section-boxed elementor-section-height-default elementor-section-height-default\" data-id=\"0bb202c\" data-element_type=\"section\">\n\t\t\t\t\t\t<div class=\"elementor-container elementor-column-gap-default\">\n\t\t\t\t\t<div class=\"elementor-column elementor-col-100 elementor-top-column elementor-element elementor-element-9c65c0d\" data-id=\"9c65c0d\" data-element_type=\"column\">\n\t\t\t<div class=\"elementor-widget-wrap elementor-element-populated\">\n\t\t\t\t\t\t<div class=\"elementor-element elementor-element-bec7e45 elementor-widget elementor-widget-image\" data-id=\"bec7e45\" data-element_type=\"widget\" data-widget_type=\"image.default\">\n\t\t\t\t<div class=\"elementor-widget-container\">\n\t\t\t\t\t\t\t\t\t\t\t\t\t\t\t<img fetchpriority=\"high\" decoding=\"async\" width=\"660\" height=\"557\" src=\"https:\/\/www.boxe-teamsbfy.fr\/wp-content\/uploads\/2025\/08\/Planning-25-26.png\" class=\"attachment-medium_large size-medium_large wp-image-644\" alt=\"\" srcset=\"https:\/\/www.boxe-teamsbfy.fr\/wp-content\/uploads\/2025\/08\/Planning-25-26.png 749w, https:\/\/www.boxe-teamsbfy.fr\/wp-content\/uploads\/2025\/08\/Planning-25-26-300x253.png 300w\" sizes=\"(max-width: 660px) 100vw, 660px\" \/>\t\t\t\t\t\t\t\t\t\t\t\t\t\t\t<\/div>\n\t\t\t\t<\/div>\n\t\t\t\t\t<\/div>\n\t\t<\/div>\n\t\t\t\t\t<\/div>\n\t\t<\/section>\n\t\t\t\t<section class=\"elementor-section elementor-top-section elementor-element elementor-element-b0e6076 elementor-section-boxed elementor-section-height-default elementor-section-height-default\" data-id=\"b0e6076\" data-element_type=\"section\">\n\t\t\t\t\t\t<div class=\"elementor-container elementor-column-gap-default\">\n\t\t\t\t\t<div class=\"elementor-column elementor-col-100 elementor-top-column elementor-element elementor-element-f3d1f7a\" data-id=\"f3d1f7a\" data-element_type=\"column\">\n\t\t\t<div class=\"elementor-widget-wrap elementor-element-populated\">\n\t\t\t\t\t\t<div class=\"elementor-element elementor-element-afac83d elementor-widget elementor-widget-menu-anchor\" data-id=\"afac83d\" data-element_type=\"widget\" data-widget_type=\"menu-anchor.default\">\n\t\t\t\t<div class=\"elementor-widget-container\">\n\t\t\t\t\t\t\t<div class=\"elementor-menu-anchor\" id=\"tarifs\"><\/div>\n\t\t\t\t\t\t<\/div>\n\t\t\t\t<\/div>\n\t\t\t\t\t<\/div>\n\t\t<\/div>\n\t\t\t\t\t<\/div>\n\t\t<\/section>\n\t\t\t\t<section class=\"elementor-section elementor-top-section elementor-element elementor-element-66f5307 elementor-section-boxed elementor-section-height-default elementor-section-height-default\" data-id=\"66f5307\" data-element_type=\"section\">\n\t\t\t\t\t\t<div class=\"elementor-container elementor-column-gap-default\">\n\t\t\t\t\t<div class=\"elementor-column elementor-col-100 elementor-top-column elementor-element elementor-element-3dd34fe\" data-id=\"3dd34fe\" data-element_type=\"column\">\n\t\t\t<div class=\"elementor-widget-wrap elementor-element-populated\">\n\t\t\t\t\t\t<div class=\"elementor-element elementor-element-dffd090 elementor-widget elementor-widget-heading\" data-id=\"dffd090\" data-element_type=\"widget\" data-widget_type=\"heading.default\">\n\t\t\t\t<div class=\"elementor-widget-container\">\n\t\t\t\t\t<h2 class=\"elementor-heading-title elementor-size-default\">Tarifs<\/h2>\t\t\t\t<\/div>\n\t\t\t\t<\/div>\n\t\t\t\t\t<\/div>\n\t\t<\/div>\n\t\t\t\t\t<\/div>\n\t\t<\/section>\n\t\t\t\t<section class=\"elementor-section elementor-top-section elementor-element elementor-element-66b7e50 elementor-section-boxed elementor-section-height-default elementor-section-height-default\" data-id=\"66b7e50\" data-element_type=\"section\">\n\t\t\t\t\t\t<div class=\"elementor-container elementor-column-gap-default\">\n\t\t\t\t\t<div class=\"elementor-column elementor-col-100 elementor-top-column elementor-element elementor-element-d9ba6ac\" data-id=\"d9ba6ac\" data-element_type=\"column\">\n\t\t\t<div class=\"elementor-widget-wrap\">\n\t\t\t\t\t\t\t<\/div>\n\t\t<\/div>\n\t\t\t\t\t<\/div>\n\t\t<\/section>\n\t\t\t\t<section class=\"elementor-section elementor-top-section elementor-element elementor-element-7020988 elementor-section-boxed elementor-section-height-default elementor-section-height-default\" data-id=\"7020988\" data-element_type=\"section\">\n\t\t\t\t\t\t<div class=\"elementor-container elementor-column-gap-default\">\n\t\t\t\t\t<div class=\"elementor-column elementor-col-100 elementor-top-column elementor-element elementor-element-0546a96\" data-id=\"0546a96\" data-element_type=\"column\">\n\t\t\t<div class=\"elementor-widget-wrap elementor-element-populated\">\n\t\t\t\t\t\t<div class=\"elementor-element elementor-element-7fdd8b8 elementor-widget elementor-widget-text-editor\" data-id=\"7fdd8b8\" data-element_type=\"widget\" data-widget_type=\"text-editor.default\">\n\t\t\t\t<div class=\"elementor-widget-container\">\n\t\t\t\t\t\t\t\t\t<ul>\n<li style=\"list-style-type: none;\">\n<ul>\n<li><span style=\"font-size: 12pt;\">la licence est&nbsp;\u00e0&nbsp;220\u20ac&nbsp;(ch\u00e8que \u00e0 l&rsquo;ordre du \u00ab\u00a0Team SBFY\u00a0\u00bb) pour&nbsp;les plus de 25 ans&nbsp;(-10\u20ac&nbsp;: tarif r\u00e9duit pour les familles)&nbsp;<\/span><\/li>\n<li><span style=\"font-size: 12pt;\">la licence est&nbsp;\u00e0&nbsp;180\u20ac&nbsp;(ch\u00e8que \u00e0 l&rsquo;ordre du \u00ab\u00a0Team SBFY\u00a0\u00bb) pour les &#8211; 25 ans&nbsp;(-10\u20ac&nbsp;: tarif r\u00e9duit pour les familles)&nbsp;<\/span><\/li>\n<li><span style=\"font-size: 12pt;\">elle&nbsp;vous donne acc\u00e8s \u00e0&nbsp;tous les entra\u00eenements, quelle que soit la discipline<\/span><\/li>\n<\/ul>\n<\/li>\n<\/ul>\n<p><span style=\"font-size: 12pt; color: var( --e-global-color-text );\">Se pr\u00e9parer pour la rentr\u00e9e<\/span><\/p>\n<ul>\n<li style=\"list-style-type: none;\">\n<ul>\n<li><span style=\"font-size: 12pt;\">une photocopie de la carte d&rsquo;identit\u00e9<\/span><\/li>\n<li><span style=\"font-size: 12pt;\">une photo d&rsquo;identit\u00e9<\/span><\/li>\n<li><span style=\"font-size: 12pt;\">bulletin d&rsquo;inscription&nbsp;<\/span><\/li>\n<li><span style=\"font-size: 12pt;\">un&nbsp;certificat m\u00e9dical&nbsp;mentionnant&nbsp;la&nbsp;\u00ab\u00a0non contre-indication sur la pratique d&rsquo;activit\u00e9s pugilistiques\u00a0\u00bb&nbsp;(NOTA&nbsp;: Suivant certaines conditions, votre certificat m\u00e9dical de l&rsquo;an pass\u00e9 est valable 3 ans.)<\/span><\/li>\n<\/ul>\n<\/li>\n<\/ul>\n<p><span style=\"font-size: 12pt;\">NOTA : Bulletin d&rsquo;inscription disponible au t\u00e9l\u00e9chargement sur la page&nbsp;<a href=\"https:\/\/www.boxe-teamsbfy.fr\/index.php\/documentations\/\">Documentations<\/a><\/span><\/p>\n<p><span style=\"font-size: 12pt;\">NOTA : pour se licencier en boxe Anglaise, veuillez t\u00e9l\u00e9charger le bulletin (disponible dans la page <a href=\"https:\/\/www.boxe-teamsbfy.fr\/index.php\/documentations\/\">Documentations<\/a>) et de le faire remplir par votre m\u00e9decin (il sert de certificat m\u00e9dical).<\/span><\/p>\t\t\t\t\t\t\t\t<\/div>\n\t\t\t\t<\/div>\n\t\t\t\t<div class=\"elementor-element elementor-element-77f7c20 elementor-widget elementor-widget-menu-anchor\" data-id=\"77f7c20\" data-element_type=\"widget\" data-widget_type=\"menu-anchor.default\">\n\t\t\t\t<div class=\"elementor-widget-container\">\n\t\t\t\t\t\t\t<div class=\"elementor-menu-anchor\" id=\"acces\"><\/div>\n\t\t\t\t\t\t<\/div>\n\t\t\t\t<\/div>\n\t\t\t\t\t<\/div>\n\t\t<\/div>\n\t\t\t\t\t<\/div>\n\t\t<\/section>\n\t\t\t\t<section class=\"elementor-section elementor-top-section elementor-element elementor-element-6091482 elementor-section-boxed elementor-section-height-default elementor-section-height-default\" data-id=\"6091482\" data-element_type=\"section\">\n\t\t\t\t\t\t<div class=\"elementor-container elementor-column-gap-default\">\n\t\t\t\t\t<div class=\"elementor-column elementor-col-100 elementor-top-column elementor-element elementor-element-bb3e195\" data-id=\"bb3e195\" data-element_type=\"column\">\n\t\t\t<div class=\"elementor-widget-wrap elementor-element-populated\">\n\t\t\t\t\t\t<div class=\"elementor-element elementor-element-d4139c1 elementor-widget elementor-widget-heading\" data-id=\"d4139c1\" data-element_type=\"widget\" data-widget_type=\"heading.default\">\n\t\t\t\t<div class=\"elementor-widget-container\">\n\t\t\t\t\t<h2 class=\"elementor-heading-title elementor-size-default\">Acc\u00e8s et contact<\/h2>\t\t\t\t<\/div>\n\t\t\t\t<\/div>\n\t\t\t\t\t<\/div>\n\t\t<\/div>\n\t\t\t\t\t<\/div>\n\t\t<\/section>\n\t\t\t\t<section class=\"elementor-section elementor-top-section elementor-element elementor-element-7a5b802 elementor-section-boxed elementor-section-height-default elementor-section-height-default\" data-id=\"7a5b802\" data-element_type=\"section\">\n\t\t\t\t\t\t<div class=\"elementor-container elementor-column-gap-default\">\n\t\t\t\t\t<div class=\"elementor-column elementor-col-100 elementor-top-column elementor-element elementor-element-e5adea9\" data-id=\"e5adea9\" data-element_type=\"column\">\n\t\t\t<div class=\"elementor-widget-wrap elementor-element-populated\">\n\t\t\t\t\t\t<div class=\"elementor-element elementor-element-c9f3d4a elementor-widget elementor-widget-google_maps\" data-id=\"c9f3d4a\" data-element_type=\"widget\" data-widget_type=\"google_maps.default\">\n\t\t\t\t<div class=\"elementor-widget-container\">\n\t\t\t\t\t\t\t<div class=\"elementor-custom-embed\">\n\t\t\t<iframe loading=\"lazy\"\n\t\t\t\t\tsrc=\"https:\/\/maps.google.com\/maps?q=Team%20SBFY&#038;t=m&#038;z=17&#038;output=embed&#038;iwloc=near\"\n\t\t\t\t\ttitle=\"Team SBFY\"\n\t\t\t\t\taria-label=\"Team SBFY\"\n\t\t\t><\/iframe>\n\t\t<\/div>\n\t\t\t\t\t\t<\/div>\n\t\t\t\t<\/div>\n\t\t\t\t\t<\/div>\n\t\t<\/div>\n\t\t\t\t\t<\/div>\n\t\t<\/section>\n\t\t\t\t<section class=\"elementor-section elementor-top-section elementor-element elementor-element-851e4b5 elementor-section-boxed elementor-section-height-default elementor-section-height-default\" data-id=\"851e4b5\" data-element_type=\"section\">\n\t\t\t\t\t\t<div class=\"elementor-container elementor-column-gap-default\">\n\t\t\t\t\t<div class=\"elementor-column elementor-col-100 elementor-top-column elementor-element elementor-element-5cff082\" data-id=\"5cff082\" data-element_type=\"column\">\n\t\t\t<div class=\"elementor-widget-wrap elementor-element-populated\">\n\t\t\t\t\t\t<div class=\"elementor-element elementor-element-bfb17b4 elementor-widget elementor-widget-shortcode\" data-id=\"bfb17b4\" data-element_type=\"widget\" data-widget_type=\"shortcode.default\">\n\t\t\t\t<div class=\"elementor-widget-container\">\n\t\t\t\t\t\t\t<div class=\"elementor-shortcode\"><div class=\"wpforms-container wpforms-container-full\" id=\"wpforms-193\"><form id=\"wpforms-form-193\" class=\"wpforms-validate wpforms-form wpforms-ajax-form\" data-formid=\"193\" method=\"post\" enctype=\"multipart\/form-data\" action=\"\/index.php\/wp-json\/wp\/v2\/pages\/21\" data-token=\"8b55d3d272fcfb570fe1b4023dc17353\" data-token-time=\"1776651670\"><noscript class=\"wpforms-error-noscript\">Veuillez activer JavaScript dans votre navigateur pour remplir ce formulaire.<\/noscript><div class=\"wpforms-field-container\"><div id=\"wpforms-193-field_0-container\" class=\"wpforms-field wpforms-field-name\" data-field-id=\"0\"><label class=\"wpforms-field-label\">Pr\u00e9nom Nom <span class=\"wpforms-required-label\">*<\/span><\/label><div class=\"wpforms-field-row wpforms-field-medium\"><div class=\"wpforms-field-row-block wpforms-first wpforms-one-half\"><input type=\"text\" id=\"wpforms-193-field_0\" class=\"wpforms-field-name-first wpforms-field-required\" name=\"wpforms[fields][0][first]\" required><label for=\"wpforms-193-field_0\" class=\"wpforms-field-sublabel after\">Pr\u00e9nom<\/label><\/div><div class=\"wpforms-field-row-block wpforms-one-half\"><input type=\"text\" id=\"wpforms-193-field_0-last\" class=\"wpforms-field-name-last wpforms-field-required\" name=\"wpforms[fields][0][last]\" required><label for=\"wpforms-193-field_0-last\" class=\"wpforms-field-sublabel after\">Nom<\/label><\/div><\/div><\/div><div id=\"wpforms-193-field_1-container\" class=\"wpforms-field wpforms-field-email\" data-field-id=\"1\"><label class=\"wpforms-field-label\" for=\"wpforms-193-field_1\">Email <span class=\"wpforms-required-label\">*<\/span><\/label><input type=\"email\" id=\"wpforms-193-field_1\" class=\"wpforms-field-medium wpforms-field-required\" name=\"wpforms[fields][1]\" spellcheck=\"false\" required><\/div><div id=\"wpforms-193-field_2-container\" class=\"wpforms-field wpforms-field-textarea\" data-field-id=\"2\"><label class=\"wpforms-field-label\" for=\"wpforms-193-field_2\">Votre Message <span class=\"wpforms-required-label\">*<\/span><\/label><textarea id=\"wpforms-193-field_2\" class=\"wpforms-field-medium wpforms-field-required\" name=\"wpforms[fields][2]\" required><\/textarea><\/div><\/div><!-- .wpforms-field-container --><div class=\"wpforms-recaptcha-container wpforms-is-hcaptcha\" ><div class=\"g-recaptcha\" data-sitekey=\"faf9d5fb-60fe-4cd0-a234-1c82c0645e74\"><\/div><input type=\"text\" name=\"g-recaptcha-hidden\" class=\"wpforms-recaptcha-hidden\" style=\"position:absolute!important;clip:rect(0,0,0,0)!important;height:1px!important;width:1px!important;border:0!important;overflow:hidden!important;padding:0!important;margin:0!important;\" data-rule-hcaptcha=\"1\"><\/div><div class=\"wpforms-submit-container\" ><input type=\"hidden\" name=\"wpforms[id]\" value=\"193\"><input type=\"hidden\" name=\"page_title\" value=\"\"><input type=\"hidden\" name=\"page_url\" value=\"https:\/\/www.boxe-teamsbfy.fr\/index.php\/wp-json\/wp\/v2\/pages\/21\"><input type=\"hidden\" name=\"url_referer\" value=\"\"><button type=\"submit\" name=\"wpforms[submit]\" id=\"wpforms-submit-193\" class=\"wpforms-submit\" data-alt-text=\"Envoi...\" data-submit-text=\"Envoyer\" aria-live=\"assertive\" value=\"wpforms-submit\">Envoyer<\/button><img decoding=\"async\" src=\"https:\/\/www.boxe-teamsbfy.fr\/wp-content\/plugins\/wpforms-lite\/assets\/images\/submit-spin.svg\" class=\"wpforms-submit-spinner\" style=\"display: none;\" width=\"26\" height=\"26\" alt=\"Chargement en cours\"><\/div><\/form><\/div>  <!-- .wpforms-container --><\/div>\n\t\t\t\t\t\t<\/div>\n\t\t\t\t<\/div>\n\t\t\t\t\t<\/div>\n\t\t<\/div>\n\t\t\t\t\t<\/div>\n\t\t<\/section>\n\t\t\t\t<\/div>\n\t\t","protected":false},"excerpt":{"rendered":"<p>Horaires Tarifs Acc\u00e8s et contact X Horaires Tarifs la licence est&nbsp;\u00e0&nbsp;220\u20ac&nbsp;(ch\u00e8que \u00e0 l&rsquo;ordre du \u00ab\u00a0Team SBFY\u00a0\u00bb) pour&nbsp;les plus de 25 ans&nbsp;(-10\u20ac&nbsp;: tarif r\u00e9duit pour les familles)&nbsp; la licence est&nbsp;\u00e0&nbsp;180\u20ac&nbsp;(ch\u00e8que \u00e0 l&rsquo;ordre du \u00ab\u00a0Team SBFY\u00a0\u00bb) pour les &#8211; 25 ans&nbsp;(-10\u20ac&nbsp;: tarif r\u00e9duit pour les familles)&nbsp; elle&nbsp;vous donne acc\u00e8s \u00e0&nbsp;tous les entra\u00eenements, quelle que soit la discipline &hellip; <a href=\"https:\/\/www.boxe-teamsbfy.fr\/index.php\/infos-utiles\/\" class=\"more-link\">Continue reading <span class=\"screen-reader-text\">Infos utiles<\/span><\/a><\/p>\n","protected":false},"author":1,"featured_media":0,"parent":0,"menu_order":0,"comment_status":"closed","ping_status":"closed","template":"","meta":{"footnotes":""},"class_list":["post-21","page","type-page","status-publish","hentry"],"_links":{"self":[{"href":"https:\/\/www.boxe-teamsbfy.fr\/index.php\/wp-json\/wp\/v2\/pages\/21","targetHints":{"allow":["GET"]}}],"collection":[{"href":"https:\/\/www.boxe-teamsbfy.fr\/index.php\/wp-json\/wp\/v2\/pages"}],"about":[{"href":"https:\/\/www.boxe-teamsbfy.fr\/index.php\/wp-json\/wp\/v2\/types\/page"}],"author":[{"embeddable":true,"href":"https:\/\/www.boxe-teamsbfy.fr\/index.php\/wp-json\/wp\/v2\/users\/1"}],"replies":[{"embeddable":true,"href":"https:\/\/www.boxe-teamsbfy.fr\/index.php\/wp-json\/wp\/v2\/comments?post=21"}],"version-history":[{"count":55,"href":"https:\/\/www.boxe-teamsbfy.fr\/index.php\/wp-json\/wp\/v2\/pages\/21\/revisions"}],"predecessor-version":[{"id":647,"href":"https:\/\/www.boxe-teamsbfy.fr\/index.php\/wp-json\/wp\/v2\/pages\/21\/revisions\/647"}],"wp:attachment":[{"href":"https:\/\/www.boxe-teamsbfy.fr\/index.php\/wp-json\/wp\/v2\/media?parent=21"}],"curies":[{"name":"wp","href":"https:\/\/api.w.org\/{rel}","templated":true}]}}